{"id":887,"date":"2023-02-15T17:52:42","date_gmt":"2023-02-15T17:52:42","guid":{"rendered":"https:\/\/demedrano.es\/politica-de-accesibilidad\/"},"modified":"2023-02-15T17:52:42","modified_gmt":"2023-02-15T17:52:42","slug":"politica-de-accesibilidad","status":"publish","type":"page","link":"https:\/\/demedrano.es\/en\/politica-de-accesibilidad\/","title":{"rendered":"Pol\u00edtica de accesibilidad"},"content":{"rendered":"<div class=\"wpb-content-wrapper\"><p>[vc_row][vc_column][vc_column_text]<strong>Tejidos Acabados Teycu, S. L.<\/strong> se ha comprometido a hacer accesible su sitio web de conformidad con <strong>el Real Decreto 1112\/2018, de 7 de septiembre<\/strong>.<\/p>\n<p>La presente declaraci\u00f3n de accesibilidad se aplica al presente sitio web <a href=\"https:\/\/demedrano.es\/\">https:\/\/demedrano.es\/<\/a><\/p>\n<p>&nbsp;<\/p>\n<h2><strong>Situaci\u00f3n de cumplimiento<\/strong><\/h2>\n<p>Este sitio web es\u00a0<strong>parcialmente conforme<\/strong> con el Real Decreto 1112\/2018, de 7 de septiembre, debido a la falta de conformidad de los aspectos que se indican a continuaci\u00f3n:<\/p>\n<p>&nbsp;<\/p>\n<h2><strong>Contenido no accesible<\/strong><\/h2>\n<p>El contenido que se recoge a continuaci\u00f3n no es accesible por lo siguiente:<\/p>\n<ol>\n<li style=\"list-style-type: none;\">\n<ol>\n<li><strong>Falta de conformidad con el Real Decreto 1112\/2018, de 7 de septiembre:<\/strong>\n<ul>\n<li>WCAG 1.1.1 &#8211; Pueden existir im\u00e1genes sin alternativa textual.<\/li>\n<li>WCAG 1.3.1 &#8211; Se puede encontrar estilo CSS dentro del c\u00f3digo HTML, lo que dificultar\u00eda la labor de algunas herramientas de apoyo a la accesibilidad.<\/li>\n<li>WCAG 1.4.1 &#8211; Pueden existir enlaces cuyo \u00fanico indicativo de que lo son es la diferencia de color con el texto adyacente.<\/li>\n<li>WCAG 1.4.3, 1.4.5 y 1.4.11 &#8211; Pueden existir elementos\u00a0 HTML con texto con un \u00edndice de contraste insuficiente entre color de fuente y color de fondo.<\/li>\n<li>WCAG 2.4.4 &#8211; Existencia de enlaces con mismo t\u00edtulo pero diferente ubicaci\u00f3n.<\/li>\n<li>WCAG 2.4.7, 2.5.1 y 2.5.2 &#8211; En ciertas situaciones el indicador del foco del teclado puede no resultar visible.<\/li>\n<li>WCAG 3.2.2 y 4.1.2 &#8211; Pueden existir campos de formulario sin etiqueta o sin t\u00edtulo, lo que dificultar\u00eda la labor de algunas herramientas de apoyo a la accesibilidad.<\/li>\n<li>WCAG 4.1.3 &#8211; Puede que alg\u00fan mensaje de estado no se pueda determinar mediante roles o propiedades.<\/li>\n<\/ul>\n<\/li>\n<\/ol>\n<\/li>\n<\/ol>\n<ol>\n<li style=\"list-style-type: none;\"><\/li>\n<li><strong>Carga desproporcionada<\/strong>: no aplica.<\/li>\n<li><strong>El contenido no entra dentro del \u00e1mbito de la legislaci\u00f3n aplicable:\u00a0<\/strong>no aplica.<\/li>\n<\/ol>\n<p>&nbsp;<\/p>\n<h2><strong>Preparaci\u00f3n de la presente declaraci\u00f3n de accesibilidad<\/strong><\/h2>\n<p>La presente declaraci\u00f3n fue preparada el 10 de noviembre de 2022.<\/p>\n<p>El m\u00e9todo empleado para preparar la declaraci\u00f3n ha sido una autoevaluaci\u00f3n llevada a cabo por los desarrolladores del Sitio Web.<\/p>\n<p>\u00daltima revisi\u00f3n de la declaraci\u00f3n: 24 de noviembre de 2022.<\/p>\n<p>&nbsp;<\/p>\n<h2><strong>Observaciones y datos de contacto<\/strong><\/h2>\n<p>Puede realizar comunicaciones sobre requisitos de accesibilidad (art\u00edculo 10.2.a) del RD 1112\/2018) como por ejemplo:<\/p>\n<ul>\n<li>Informar sobre cualquier posible incumplimiento por parte de este sitio web.<\/li>\n<li>Transmitir otras dificultades de acceso al contenido.<\/li>\n<li>Formular cualquier otra consulta o sugerencia de mejora relativa a la accesibilidad del sitio web.<\/li>\n<\/ul>\n<p>A trav\u00e9s del siguiente correo <a class=\"enlaceFooter\" href=\"mailto:info@demedrano.es\">info@demedrano.es<\/a>.[\/vc_column_text][\/vc_column][\/vc_row]<\/p>\n<\/div>","protected":false},"excerpt":{"rendered":"<p>[vc_row][vc_column][vc_column_text]Tejidos Acabados Teycu, S. L. se ha comprometido a hacer accesible su sitio web de conformidad con el Real Decreto 1112\/2018, de 7 de septiembre. La presente declaraci\u00f3n de accesibilidad<\/p>\n","protected":false},"author":1,"featured_media":0,"parent":0,"menu_order":0,"comment_status":"closed","ping_status":"closed","template":"","meta":{"footnotes":""},"class_list":["post-887","page","type-page","status-publish","hentry"],"acf":[],"yoast_head":"<!-- This site is optimized with the Yoast SEO plugin v27.6 - https:\/\/yoast.com\/product\/yoast-seo-wordpress\/ -->\n<title>Pol\u00edtica de accesibilidad - deMedrano.es<\/title>\n<meta name=\"robots\" content=\"index, follow, max-snippet:-1, max-image-preview:large, max-video-preview:-1\" \/>\n<link rel=\"canonical\" href=\"https:\/\/demedrano.es\/en\/politica-de-accesibilidad\/\" \/>\n<meta property=\"og:locale\" content=\"en_US\" \/>\n<meta property=\"og:type\" content=\"article\" \/>\n<meta property=\"og:title\" content=\"Pol\u00edtica de accesibilidad - deMedrano.es\" \/>\n<meta property=\"og:description\" content=\"[vc_row][vc_column][vc_column_text]Tejidos Acabados Teycu, S. L. se ha comprometido a hacer accesible su sitio web de conformidad con el Real Decreto 1112\/2018, de 7 de septiembre. La presente declaraci\u00f3n de accesibilidad\" \/>\n<meta property=\"og:url\" content=\"https:\/\/demedrano.es\/en\/politica-de-accesibilidad\/\" \/>\n<meta property=\"og:site_name\" content=\"deMedrano.es\" \/>\n<meta name=\"twitter:card\" content=\"summary_large_image\" \/>\n<meta name=\"twitter:label1\" content=\"Est. reading time\" \/>\n\t<meta name=\"twitter:data1\" content=\"2 minutes\" \/>\n<script type=\"application\/ld+json\" class=\"yoast-schema-graph\">{\"@context\":\"https:\\\/\\\/schema.org\",\"@graph\":[{\"@type\":\"WebPage\",\"@id\":\"https:\\\/\\\/demedrano.es\\\/en\\\/politica-de-accesibilidad\\\/\",\"url\":\"https:\\\/\\\/demedrano.es\\\/en\\\/politica-de-accesibilidad\\\/\",\"name\":\"Pol\u00edtica de accesibilidad - deMedrano.es\",\"isPartOf\":{\"@id\":\"https:\\\/\\\/demedrano.es\\\/#website\"},\"datePublished\":\"2023-02-15T17:52:42+00:00\",\"breadcrumb\":{\"@id\":\"https:\\\/\\\/demedrano.es\\\/en\\\/politica-de-accesibilidad\\\/#breadcrumb\"},\"inLanguage\":\"en-US\",\"potentialAction\":[{\"@type\":\"ReadAction\",\"target\":[\"https:\\\/\\\/demedrano.es\\\/en\\\/politica-de-accesibilidad\\\/\"]}]},{\"@type\":\"BreadcrumbList\",\"@id\":\"https:\\\/\\\/demedrano.es\\\/en\\\/politica-de-accesibilidad\\\/#breadcrumb\",\"itemListElement\":[{\"@type\":\"ListItem\",\"position\":1,\"name\":\"Portada\",\"item\":\"https:\\\/\\\/demedrano.es\\\/en\\\/\"},{\"@type\":\"ListItem\",\"position\":2,\"name\":\"Pol\u00edtica de accesibilidad\"}]},{\"@type\":\"WebSite\",\"@id\":\"https:\\\/\\\/demedrano.es\\\/#website\",\"url\":\"https:\\\/\\\/demedrano.es\\\/\",\"name\":\"deMedrano.es\",\"description\":\"Tejidos Acabados Teycu\",\"potentialAction\":[{\"@type\":\"SearchAction\",\"target\":{\"@type\":\"EntryPoint\",\"urlTemplate\":\"https:\\\/\\\/demedrano.es\\\/?s={search_term_string}\"},\"query-input\":{\"@type\":\"PropertyValueSpecification\",\"valueRequired\":true,\"valueName\":\"search_term_string\"}}],\"inLanguage\":\"en-US\"}]}<\/script>\n<!-- \/ Yoast SEO plugin. -->","yoast_head_json":{"title":"Pol\u00edtica de accesibilidad - deMedrano.es","robots":{"index":"index","follow":"follow","max-snippet":"max-snippet:-1","max-image-preview":"max-image-preview:large","max-video-preview":"max-video-preview:-1"},"canonical":"https:\/\/demedrano.es\/en\/politica-de-accesibilidad\/","og_locale":"en_US","og_type":"article","og_title":"Pol\u00edtica de accesibilidad - deMedrano.es","og_description":"[vc_row][vc_column][vc_column_text]Tejidos Acabados Teycu, S. L. se ha comprometido a hacer accesible su sitio web de conformidad con el Real Decreto 1112\/2018, de 7 de septiembre. La presente declaraci\u00f3n de accesibilidad","og_url":"https:\/\/demedrano.es\/en\/politica-de-accesibilidad\/","og_site_name":"deMedrano.es","twitter_card":"summary_large_image","twitter_misc":{"Est. reading time":"2 minutes"},"schema":{"@context":"https:\/\/schema.org","@graph":[{"@type":"WebPage","@id":"https:\/\/demedrano.es\/en\/politica-de-accesibilidad\/","url":"https:\/\/demedrano.es\/en\/politica-de-accesibilidad\/","name":"Pol\u00edtica de accesibilidad - deMedrano.es","isPartOf":{"@id":"https:\/\/demedrano.es\/#website"},"datePublished":"2023-02-15T17:52:42+00:00","breadcrumb":{"@id":"https:\/\/demedrano.es\/en\/politica-de-accesibilidad\/#breadcrumb"},"inLanguage":"en-US","potentialAction":[{"@type":"ReadAction","target":["https:\/\/demedrano.es\/en\/politica-de-accesibilidad\/"]}]},{"@type":"BreadcrumbList","@id":"https:\/\/demedrano.es\/en\/politica-de-accesibilidad\/#breadcrumb","itemListElement":[{"@type":"ListItem","position":1,"name":"Portada","item":"https:\/\/demedrano.es\/en\/"},{"@type":"ListItem","position":2,"name":"Pol\u00edtica de accesibilidad"}]},{"@type":"WebSite","@id":"https:\/\/demedrano.es\/#website","url":"https:\/\/demedrano.es\/","name":"deMedrano.es","description":"Tejidos Acabados Teycu","potentialAction":[{"@type":"SearchAction","target":{"@type":"EntryPoint","urlTemplate":"https:\/\/demedrano.es\/?s={search_term_string}"},"query-input":{"@type":"PropertyValueSpecification","valueRequired":true,"valueName":"search_term_string"}}],"inLanguage":"en-US"}]}},"_links":{"self":[{"href":"https:\/\/demedrano.es\/en\/wp-json\/wp\/v2\/pages\/887","targetHints":{"allow":["GET"]}}],"collection":[{"href":"https:\/\/demedrano.es\/en\/wp-json\/wp\/v2\/pages"}],"about":[{"href":"https:\/\/demedrano.es\/en\/wp-json\/wp\/v2\/types\/page"}],"author":[{"embeddable":true,"href":"https:\/\/demedrano.es\/en\/wp-json\/wp\/v2\/users\/1"}],"replies":[{"embeddable":true,"href":"https:\/\/demedrano.es\/en\/wp-json\/wp\/v2\/comments?post=887"}],"version-history":[{"count":0,"href":"https:\/\/demedrano.es\/en\/wp-json\/wp\/v2\/pages\/887\/revisions"}],"wp:attachment":[{"href":"https:\/\/demedrano.es\/en\/wp-json\/wp\/v2\/media?parent=887"}],"curies":[{"name":"wp","href":"https:\/\/api.w.org\/{rel}","templated":true}]}}